{"id":37,"date":"2018-12-07T18:15:33","date_gmt":"2018-12-07T18:15:33","guid":{"rendered":"http:\/\/www.pasapas.info\/?page_id=37"},"modified":"2018-12-23T08:28:55","modified_gmt":"2018-12-23T08:28:55","slug":"quienes-somos","status":"publish","type":"page","link":"https:\/\/www.pasapas.info\/?page_id=37","title":{"rendered":"Quienes somos"},"content":{"rendered":"\n<p><strong><em>En 1998 varios de los mejores hombres de Paterna formaron un club de corredores, fueron avisados&nbsp; de que no llegar\u00edan muy lejos, no tardaron en empezar a entrenar juntos en el pueblo que les un\u00eda, hoy buscados todav\u00eda por la gente, sobreviven como club grande de amigos, si usted que quiere entrenar con ellos y se los encuentra quiz\u00e1 pueda apuntarse&#8230;<\/em><\/strong><\/p>\n\n\n\n<p style=\"text-align:center\" class=\"has-text-color has-background has-medium-font-size has-very-dark-gray-color has-very-light-gray-background-color\"><strong>Poema dedicado al Pas Pas<\/strong><br><\/p>\n\n\n\n<pre style=\"text-align:center\" class=\"wp-block-verse\"><strong>No llevamos casco ni coraza<br>no ganamos contiendas ni batallas,<br>pero logramos grandes haza\u00f1as<br>recorriendo caminos y monta\u00f1as.<br>\u00a0<br>Con nuestras deportivas zapatillas<br>continuamente devoramos millas,<br>no importa traves\u00eda corta o larga<br>aunque sea penosa o amarga.<br>\u00a0<br>Nos llaman, del \u201cPas a Pas\u201d, la infantil<br>pero no somos novatos ni biso\u00f1os<br>y adem\u00e1s, seguimos creciendo sin fin.<br>\u00a0<br>Por nosotros no pasan los a\u00f1os,<br>pues como Pegasus alados<br>y siempre bien pertrechados.<br>\u00a0<br>O m\u00e1s bien dir\u00eda, entrenados<br>a la marat\u00f3n vamos, nuestro destino ideal<br>cruzando victoriosos la meta final<br>\u00a0<br>El tiempo est\u00e1 de nuestro lado,<br>no importa llegar antes de tres horas<br>o superar las cuatro,<br>antes de salir ya hemos ganado.<br>\u00a0<br>Nuestro coraje, inasequible al desaliento,<br>con t\u00f3rrido sol o fuerte viento,<br>aunque haga fr\u00edo o caiga lluvia torrencial,<br>nos transmite furia vital.<br><\/strong><br><strong>De ello testigo mudo es nuestro muro<br>d\u00eda a d\u00eda, punto de reuni\u00f3n crucial<br>inicio de entrenamiento duro.<br>\u00a0<br>Semilla de amistad ideal,<br>ahora y en el futuro<br>\u00a1\u00a1 Ch\u00e9, como el \u201cPas a Pas\u201d, no hay nada igual. !!<br>\u00a0<\/strong><br>\u00a0\u00a0\u00a0\u00a0\u00a0\u00a0\u00a0\u00a0\u00a0\u00a0\u00a0\u00a0\u00a0\u00a0\u00a0\u00a0\u00a0\u00a0\u00a0\u00a0\u00a0\u00a0\u00a0\u00a0\u00a0\u00a0\u00a0\u00a0\u00a0\u00a0\u00a0\u00a0\u00a0\u00a0\u00a0\u00a0\u00a0\u00a0\u00a0\u00a0\u00a0\u00a0\u00a0 Salva<\/pre>\n","protected":false},"excerpt":{"rendered":"<p>En 1998 varios de los mejores hombres de Paterna formaron un club de corredores, fueron avisados&nbsp; de que no llegar\u00edan muy lejos, no tardaron en empezar a entrenar juntos en el pueblo que les un\u00eda, hoy buscados todav\u00eda por la <a href=\"https:\/\/www.pasapas.info\/?page_id=37\"> Read more&#8230;<\/a><\/p>\n","protected":false},"author":1,"featured_media":0,"parent":0,"menu_order":0,"comment_status":"closed","ping_status":"closed","template":"","meta":{"ngg_post_thumbnail":0},"_links":{"self":[{"href":"https:\/\/www.pasapas.info\/index.php?rest_route=\/wp\/v2\/pages\/37"}],"collection":[{"href":"https:\/\/www.pasapas.info\/index.php?rest_route=\/wp\/v2\/pages"}],"about":[{"href":"https:\/\/www.pasapas.info\/index.php?rest_route=\/wp\/v2\/types\/page"}],"author":[{"embeddable":true,"href":"https:\/\/www.pasapas.info\/index.php?rest_route=\/wp\/v2\/users\/1"}],"replies":[{"embeddable":true,"href":"https:\/\/www.pasapas.info\/index.php?rest_route=%2Fwp%2Fv2%2Fcomments&post=37"}],"version-history":[{"count":12,"href":"https:\/\/www.pasapas.info\/index.php?rest_route=\/wp\/v2\/pages\/37\/revisions"}],"predecessor-version":[{"id":431,"href":"https:\/\/www.pasapas.info\/index.php?rest_route=\/wp\/v2\/pages\/37\/revisions\/431"}],"wp:attachment":[{"href":"https:\/\/www.pasapas.info\/index.php?rest_route=%2Fwp%2Fv2%2Fmedia&parent=37"}],"curies":[{"name":"wp","href":"https:\/\/api.w.org\/{rel}","templated":true}]}}